




















{"id":1013,"date":"2018-01-10T17:16:27","date_gmt":"2018-01-10T16:16:27","guid":{"rendered":"http:\/\/www.journal-eolien.org\/tout-sur-l-eolien\/?page_id=1013"},"modified":"2024-09-26T14:35:52","modified_gmt":"2024-09-26T12:35:52","slug":"le-foisonnement-de-l-eolien","status":"publish","type":"page","link":"https:\/\/www.journal-eolien.org\/tout-sur-l-eolien\/le-foisonnement-de-l-eolien\/","title":{"rendered":"Le foisonnement de l&rsquo;\u00e9olien"},"content":{"rendered":"\t\t<div data-elementor-type=\"wp-page\" data-elementor-id=\"1013\" class=\"elementor elementor-1013 elementor-bc-flex-widget\">\n\t\t\t\t\t\t<section class=\"elementor-section elementor-top-section elementor-element elementor-element-32dcace elementor-section-boxed elementor-section-height-default elementor-section-height-default\" data-id=\"32dcace\" data-element_type=\"section\" data-e-type=\"section\">\n\t\t\t\t\t\t<div class=\"elementor-container elementor-column-gap-no\">\n\t\t\t\t\t<div class=\"elementor-column elementor-col-100 elementor-top-column elementor-element elementor-element-1fb78b5\" data-id=\"1fb78b5\" data-element_type=\"column\" data-e-type=\"column\">\n\t\t\t<div class=\"elementor-widget-wrap elementor-element-populated\">\n\t\t\t\t\t\t<section class=\"elementor-section elementor-inner-section elementor-element elementor-element-7a1c8ab elementor-section-boxed elementor-section-height-default elementor-section-height-default\" data-id=\"7a1c8ab\" data-element_type=\"section\" data-e-type=\"section\">\n\t\t\t\t\t\t<div class=\"elementor-container elementor-column-gap-default\">\n\t\t\t\t\t<div class=\"elementor-column elementor-col-50 elementor-inner-column elementor-element elementor-element-c5df7f0\" data-id=\"c5df7f0\" data-element_type=\"column\" data-e-type=\"column\">\n\t\t\t<div class=\"elementor-widget-wrap elementor-element-populated\">\n\t\t\t\t\t\t<div class=\"elementor-element elementor-element-40bebb9 elementor-widget elementor-widget-image\" data-id=\"40bebb9\" data-element_type=\"widget\" data-e-type=\"widget\" data-widget_type=\"image.default\">\n\t\t\t\t\t\t\t\t\t\t\t\t\t\t\t<img decoding=\"async\" width=\"84\" height=\"93\" src=\"https:\/\/www.journal-eolien.org\/tout-sur-l-eolien\/wp-content\/uploads\/2017\/11\/technologies-enjeux.png\" class=\"attachment-full size-full wp-image-30\" alt=\"\" \/>\t\t\t\t\t\t\t\t\t\t\t\t\t\t\t<\/div>\n\t\t\t\t\t<\/div>\n\t\t<\/div>\n\t\t\t\t<div class=\"elementor-column elementor-col-50 elementor-inner-column elementor-element elementor-element-6e60657\" data-id=\"6e60657\" data-element_type=\"column\" data-e-type=\"column\">\n\t\t\t<div class=\"elementor-widget-wrap elementor-element-populated\">\n\t\t\t\t\t\t<div class=\"elementor-element elementor-element-1471d04 elementor-drop-cap-yes elementor-drop-cap-view-default elementor-widget elementor-widget-text-editor\" data-id=\"1471d04\" data-element_type=\"widget\" data-e-type=\"widget\" data-settings=\"{&quot;drop_cap&quot;:&quot;yes&quot;}\" data-widget_type=\"text-editor.default\">\n\t\t\t\t\t\t\t\t\t<h1><span style=\"color: #2e5e8f; font-weight: 300;\">technologies &amp; enjeux \/ L&rsquo;\u00e9olien et syst\u00e8me \u00e9lectrique<\/span><\/h1><h2><span style=\"color: #2e5e8f; font-weight: 600; font-size: 30px;\">Le foisonnement de l&rsquo;\u00e9olien<\/span><\/h2>\t\t\t\t\t\t\t\t<\/div>\n\t\t\t\t\t<\/div>\n\t\t<\/div>\n\t\t\t\t\t<\/div>\n\t\t<\/section>\n\t\t\t\t\t<\/div>\n\t\t<\/div>\n\t\t\t\t\t<\/div>\n\t\t<\/section>\n\t\t\t\t<section class=\"elementor-section elementor-top-section elementor-element elementor-element-d5e4a66 elementor-section-boxed elementor-section-height-default elementor-section-height-default\" data-id=\"d5e4a66\" data-element_type=\"section\" data-e-type=\"section\">\n\t\t\t\t\t\t<div class=\"elementor-container elementor-column-gap-default\">\n\t\t\t\t\t<div class=\"elementor-column elementor-col-66 elementor-top-column elementor-element elementor-element-11614fc colonne-gauche\" data-id=\"11614fc\" data-element_type=\"column\" data-e-type=\"column\">\n\t\t\t<div class=\"elementor-widget-wrap elementor-element-populated\">\n\t\t\t\t\t\t<div class=\"elementor-element elementor-element-6f2b512 icone-loupe elementor-widget elementor-widget-text-editor\" data-id=\"6f2b512\" data-element_type=\"widget\" data-e-type=\"widget\" data-widget_type=\"text-editor.default\">\n\t\t\t\t\t\t\t\t\t<p><a class=\"icone-loupe\" href=\"http:\/\/www.journal-eolien.com\/tout-sur-l-eolien\/wp-content\/uploads\/2018\/02\/foisonnement-de-eolien-photo2.jpg\"><img fetchpriority=\"high\" decoding=\"async\" class=\"aligncenter wp-image-2453 size-full\" src=\"http:\/\/www.journal-eolien.com\/tout-sur-l-eolien\/wp-content\/uploads\/2018\/02\/foisonnement-de-eolien-photo2.jpg\" alt=\"\" width=\"1000\" height=\"666\" srcset=\"https:\/\/www.journal-eolien.org\/tout-sur-l-eolien\/wp-content\/uploads\/2018\/02\/foisonnement-de-eolien-photo2.jpg 1000w, https:\/\/www.journal-eolien.org\/tout-sur-l-eolien\/wp-content\/uploads\/2018\/02\/foisonnement-de-eolien-photo2-300x200.jpg 300w, https:\/\/www.journal-eolien.org\/tout-sur-l-eolien\/wp-content\/uploads\/2018\/02\/foisonnement-de-eolien-photo2-768x511.jpg 768w\" sizes=\"(max-width: 1000px) 100vw, 1000px\" \/><\/a><\/p>\t\t\t\t\t\t\t\t<\/div>\n\t\t\t\t<div class=\"elementor-element elementor-element-3593ad7 elementor-widget elementor-widget-text-editor\" data-id=\"3593ad7\" data-element_type=\"widget\" data-e-type=\"widget\" data-widget_type=\"text-editor.default\">\n\t\t\t\t\t\t\t\t\t<p>L\u2019\u00e9olien, au m\u00eame titre que le photovolta\u00efque, est une \u00e9nergie variable dont la production d\u00e9pend des conditions m\u00e9t\u00e9orologiques et peut donc \u00e9voluer avec le temps. La gestion de la <a href=\"http:\/\/www.journal-eolien.com\/tout-sur-l-eolien\/lexique\/#lettre-E\"><strong>variabilit\u00e9<\/strong><\/a> est fondamentale dans la gestion d\u2019un syst\u00e8me \u00e9lectrique qui doit assurer l\u2019\u00e9quilibre entre production et consommation.<\/p><p>Cependant, \u00e0 l&rsquo;\u00e9chelle nationale ou r\u00e9gionale, les sites de production sont suffisamment \u00e9loign\u00e9s les uns des autres pour que les conditions m\u00e9t\u00e9orologiques soient diff\u00e9rentes \u00e0 un instant donn\u00e9. Par exemple, une d\u00e9pression venant de l\u2019Atlantique mettra 2 jours \u00e0 traverser la France, et la production \u00e9olienne li\u00e9e \u00e0 ce passage s\u2019\u00e9talera sur plusieurs jours. Ce principe de mutualisation permet\u00a0:<\/p><ul><li>que la production totale soit plus constante que chaque production individuelle\u00a0;<\/li><li>que la pr\u00e9vision sur l\u2019ensemble du territoire soit plus pr\u00e9cise que la pr\u00e9vision sur une \u00e9olienne.<\/li><\/ul><p>Cette mutualisation est appel\u00e9e foisonnement. Ce terme d\u00e9crit la capacit\u00e9 de la production d&rsquo;une zone climatique \u00e0 compenser un exc\u00e8s ou un d\u00e9ficit de production dans une autre zone climatique. Cette approche peut \u00e9galement s\u2019appliquer au territoire europ\u00e9en dans son ensemble en d\u00e9veloppant les interconnexions de r\u00e9seaux entre des pays soumis \u00e0 des r\u00e9gimes de vent diff\u00e9rents.<\/p><p>Les donn\u00e9es publiques de production fournies par <a href=\"http:\/\/www.rte-france.com\/fr\/eco2mix\/eco2mix-mix-energetique\" target=\"_blank\" rel=\"noopener\"><strong>RTE<\/strong><\/a> montrent que, si la variabilit\u00e9 de production \u00e0 l\u2019\u00e9chelle d\u2019une \u00e9olienne est forte, cette variabilit\u00e9 est liss\u00e9e \u00e0 l\u2019\u00e9chelle r\u00e9gionale et, d\u2019autant plus, \u00e0 l\u2019\u00e9chelle nationale, du fait des trois r\u00e9gimes de vent ind\u00e9pendants pr\u00e9sents sur le territoire fran\u00e7ais\u00a0: oc\u00e9anique (Bretagne Centre-Val de Loire et Pays de la Loire), continentale (Alsace Champagne-Ardenne\u00a0 Lorraine) et m\u00e9diterran\u00e9en (Languedoc-Roussillon Midi-Pyr\u00e9n\u00e9es).<\/p>\t\t\t\t\t\t\t\t<\/div>\n\t\t\t\t<div class=\"elementor-element elementor-element-a999eab elementor-widget elementor-widget-text-editor\" data-id=\"a999eab\" data-element_type=\"widget\" data-e-type=\"widget\" data-widget_type=\"text-editor.default\">\n\t\t\t\t\t\t\t\t\t<h4><strong>La compl\u00e9mentarit\u00e9 avec le photovolta\u00efque<\/strong><\/h4><figure id=\"attachment_1019\" aria-describedby=\"caption-attachment-1019\" style=\"width: 300px\" class=\"wp-caption alignleft\"><a class=\"icone-loupe\" href=\"http:\/\/www.journal-eolien.com\/tout-sur-l-eolien\/wp-content\/uploads\/2018\/01\/credit-Invenergy.jpg\"><img decoding=\"async\" class=\"wp-image-1019 size-medium\" src=\"http:\/\/www.journal-eolien.org\/tout-sur-l-eolien\/wp-content\/uploads\/2018\/01\/credit-Invenergy-300x200.jpg\" alt=\"\u00a9 Invenergy\" width=\"300\" height=\"200\" srcset=\"https:\/\/www.journal-eolien.org\/tout-sur-l-eolien\/wp-content\/uploads\/2018\/01\/credit-Invenergy-300x200.jpg 300w, https:\/\/www.journal-eolien.org\/tout-sur-l-eolien\/wp-content\/uploads\/2018\/01\/credit-Invenergy.jpg 700w\" sizes=\"(max-width: 300px) 100vw, 300px\" \/><\/a><figcaption id=\"caption-attachment-1019\" class=\"wp-caption-text\">\u00a9 Invenergy<\/figcaption><\/figure><p>Le lissage de production \u00e9lectrique renouvelable sur le territoire peut \u00e9galement se faire au travers de la compl\u00e9mentarit\u00e9 entre plusieurs \u00e9nergies, comme c\u2019est le cas entre l\u2019\u00e9olien et le photovolta\u00efque.<\/p><p>En effet, l\u2019\u00e9nergie photovolta\u00efque produit davantage au printemps et en \u00e9t\u00e9 tandis que les pics de production d\u2019\u00e9lectricit\u00e9 \u00e9olienne ont lieu en automne et en hiver. Cela permet d\u2019avoir un approvisionnement constant et lisse d\u2019\u00e9lectricit\u00e9 renouvelable, tout au long de l\u2019ann\u00e9e.<\/p>\t\t\t\t\t\t\t\t<\/div>\n\t\t\t\t<div class=\"elementor-element elementor-element-cc2b8ef elementor-widget elementor-widget-spacer\" data-id=\"cc2b8ef\" data-element_type=\"widget\" data-e-type=\"widget\" data-widget_type=\"spacer.default\">\n\t\t\t\t\t\t\t<div class=\"elementor-spacer\">\n\t\t\t<div class=\"elementor-spacer-inner\"><\/div>\n\t\t<\/div>\n\t\t\t\t\t\t<\/div>\n\t\t\t\t<div class=\"elementor-element elementor-element-696ca94 onglet-basdepage onglet-basdepage-1 elementor-tabs-view-horizontal elementor-widget elementor-widget-tabs\" data-id=\"696ca94\" data-element_type=\"widget\" data-e-type=\"widget\" data-widget_type=\"tabs.default\">\n\t\t\t\t\t\t\t<div class=\"elementor-tabs\">\n\t\t\t<div class=\"elementor-tabs-wrapper\" role=\"tablist\" >\n\t\t\t\t\t\t\t\t\t<div id=\"elementor-tab-title-1101\" class=\"elementor-tab-title elementor-tab-desktop-title\" aria-selected=\"true\" data-tab=\"1\" role=\"tab\" tabindex=\"0\" aria-controls=\"elementor-tab-content-1101\" aria-expanded=\"false\">AUTRES PAGES<\/div>\n\t\t\t\t\t\t\t<\/div>\n\t\t\t<div class=\"elementor-tabs-content-wrapper\" role=\"tablist\" aria-orientation=\"vertical\">\n\t\t\t\t\t\t\t\t\t<div class=\"elementor-tab-title elementor-tab-mobile-title\" aria-selected=\"true\" data-tab=\"1\" role=\"tab\" tabindex=\"0\" aria-controls=\"elementor-tab-content-1101\" aria-expanded=\"false\">AUTRES PAGES<\/div>\n\t\t\t\t\t<div id=\"elementor-tab-content-1101\" class=\"elementor-tab-content elementor-clearfix\" data-tab=\"1\" role=\"tabpanel\" aria-labelledby=\"elementor-tab-title-1101\" tabindex=\"0\" hidden=\"false\"><ul><li><a href=\"http:\/\/www.journal-eolien.com\/tout-sur-l-eolien\/la-puissance-eolienne-en-france\/\" rel=\"noopener\">La puissance \u00e9olienne en France<\/a><\/li><li><a href=\"http:\/\/www.journal-eolien.com\/tout-sur-l-eolien\/les-outils-de-prevision-meteorologique\/\" rel=\"noopener\">Les outils de pr\u00e9vision m\u00e9t\u00e9orologique<\/a><\/li><li><a href=\"http:\/\/www.journal-eolien.com\/tout-sur-l-eolien\/le-stockage-de-l-electricite\/\" rel=\"noopener\">Le stockage de l&rsquo;\u00e9lectricit\u00e9<\/a><\/li><li><a href=\"http:\/\/www.journal-eolien.com\/tout-sur-l-eolien\/les-smart-grids\/\" rel=\"noopener\">Les <em>smart grids<\/em><\/a><\/li><li><a href=\"http:\/\/www.journal-eolien.com\/tout-sur-l-eolien\/eolien-et-equilibre-du-reseau\/\" rel=\"noopener\">L&rsquo;\u00e9olien et l&rsquo;\u00e9quilibre du r\u00e9seau<\/a><\/li><li><a href=\"http:\/\/www.journal-eolien.com\/tout-sur-l-eolien\/la-production-d-electricite-eolienne\/\">La production d\u2019\u00e9lectricit\u00e9 \u00e9olienne<\/a><\/li><\/ul><\/div>\n\t\t\t\t\t\t\t<\/div>\n\t\t<\/div>\n\t\t\t\t\t\t<\/div>\n\t\t\t\t<div class=\"elementor-element elementor-element-d713bb1 onglet-basdepage onglet-basdepage-2 elementor-tabs-view-horizontal elementor-widget elementor-widget-tabs\" data-id=\"d713bb1\" data-element_type=\"widget\" data-e-type=\"widget\" data-widget_type=\"tabs.default\">\n\t\t\t\t\t\t\t<div class=\"elementor-tabs\">\n\t\t\t<div class=\"elementor-tabs-wrapper\" role=\"tablist\" >\n\t\t\t\t\t\t\t\t\t<div id=\"elementor-tab-title-2251\" class=\"elementor-tab-title elementor-tab-desktop-title\" aria-selected=\"true\" data-tab=\"1\" role=\"tab\" tabindex=\"0\" aria-controls=\"elementor-tab-content-2251\" aria-expanded=\"false\">DOCUMENTATION<\/div>\n\t\t\t\t\t\t\t<\/div>\n\t\t\t<div class=\"elementor-tabs-content-wrapper\" role=\"tablist\" aria-orientation=\"vertical\">\n\t\t\t\t\t\t\t\t\t<div class=\"elementor-tab-title elementor-tab-mobile-title\" aria-selected=\"true\" data-tab=\"1\" role=\"tab\" tabindex=\"0\" aria-controls=\"elementor-tab-content-2251\" aria-expanded=\"false\">DOCUMENTATION<\/div>\n\t\t\t\t\t<div id=\"elementor-tab-content-2251\" class=\"elementor-tab-content elementor-clearfix\" data-tab=\"1\" role=\"tabpanel\" aria-labelledby=\"elementor-tab-title-2251\" tabindex=\"0\" hidden=\"false\"><ul><li><a href=\"https:\/\/energies-renouvelables.org\/barometre-electrique\" target=\"_blank\" rel=\"noopener\">Barom\u00e8tre des \u00e9nergies renouvelables \u00e9lectriques en France<\/a><\/li><li><a href=\"https:\/\/www.eurobserv-er.org\/category\/all-wind-energy-barometers\/\" target=\"_blank\" rel=\"noopener\">Le barom\u00e8tre EurObserv\u2019ER<\/a><\/li><\/ul><\/div>\n\t\t\t\t\t\t\t<\/div>\n\t\t<\/div>\n\t\t\t\t\t\t<\/div>\n\t\t\t\t\t<\/div>\n\t\t<\/div>\n\t\t\t\t<div class=\"elementor-column elementor-col-33 elementor-top-column elementor-element elementor-element-b5ea165 colonne-droite\" data-id=\"b5ea165\" data-element_type=\"column\" data-e-type=\"column\">\n\t\t\t<div class=\"elementor-widget-wrap elementor-element-populated\">\n\t\t\t\t\t\t<div class=\"elementor-element elementor-element-3458a69 elementor-widget elementor-widget-spacer\" data-id=\"3458a69\" data-element_type=\"widget\" data-e-type=\"widget\" data-widget_type=\"spacer.default\">\n\t\t\t\t\t\t\t<div class=\"elementor-spacer\">\n\t\t\t<div class=\"elementor-spacer-inner\"><\/div>\n\t\t<\/div>\n\t\t\t\t\t\t<\/div>\n\t\t\t\t<div class=\"elementor-element elementor-element-62d9373 elementor-widget elementor-widget-text-editor\" data-id=\"62d9373\" data-element_type=\"widget\" data-e-type=\"widget\" data-widget_type=\"text-editor.default\">\n\t\t\t\t\t\t\t\t\t<p><a href=\"https:\/\/www.journal-eolien.org\/tout-sur-l-eolien\/wp-content\/uploads\/2017\/12\/picto-lignes.png\"><img loading=\"lazy\" decoding=\"async\" class=\"alignnone size-full wp-image-278\" src=\"https:\/\/www.journal-eolien.org\/tout-sur-l-eolien\/wp-content\/uploads\/2017\/12\/picto-lignes.png\" alt=\"\" width=\"36\" height=\"31\" \/><\/a>\u00a0 LEXIQUE<\/p>\t\t\t\t\t\t\t\t<\/div>\n\t\t\t\t<div class=\"elementor-element elementor-element-4b903f7 elementor-widget elementor-widget-text-editor\" data-id=\"4b903f7\" data-element_type=\"widget\" data-e-type=\"widget\" data-widget_type=\"text-editor.default\">\n\t\t\t\t\t\t\t\t\t<p><strong>R\u00e9gime de vent :<\/strong> configuration m\u00e9t\u00e9orologique d\u00e9pendante de l\u2019\u00e9tat de l\u2019atmosph\u00e8re qui modifie les caract\u00e9ristiques du vent pour une zone d\u00e9termin\u00e9e. Trois r\u00e9gimes de vent ind\u00e9pendants sont pr\u00e9sents sur le territoire fran\u00e7ais\u00a0: oc\u00e9anique, continental et m\u00e9diterran\u00e9en.<\/p><p><strong>Interconnexions europ\u00e9ennes : <\/strong>liens entre les r\u00e9seaux \u00e9lectriques des diff\u00e9rents pays europ\u00e9ens. Ces interconnexions sont un outil de flexibilit\u00e9 et d\u2019\u00e9changes commerciaux. La France est reli\u00e9e \u00e0 6 pays frontaliers\u00a0: Belgique, Allemagne, Suisse, Italie, Espagne et Royaume-Uni.<\/p>\t\t\t\t\t\t\t\t<\/div>\n\t\t\t\t\t<\/div>\n\t\t<\/div>\n\t\t\t\t\t<\/div>\n\t\t<\/section>\n\t\t\t\t<\/div>\n\t\t","protected":false},"excerpt":{"rendered":"<p>technologies &amp; enjeux \/ L&rsquo;\u00e9olien et syst\u00e8me \u00e9lectrique Le foisonnement de l&rsquo;\u00e9olien L\u2019\u00e9olien, au m\u00eame titre que le photovolta\u00efque, est une \u00e9nergie variable dont la production d\u00e9pend des conditions m\u00e9t\u00e9orologiques et peut donc \u00e9voluer avec le temps. La gestion de la variabilit\u00e9 est fondamentale dans la gestion d\u2019un syst\u00e8me \u00e9lectrique qui doit assurer l\u2019\u00e9quilibre entre [&hellip;]<\/p>\n","protected":false},"author":1,"featured_media":0,"parent":0,"menu_order":0,"comment_status":"closed","ping_status":"closed","template":"","meta":{"footnotes":""},"class_list":["post-1013","page","type-page","status-publish","hentry"],"yoast_head":"<!-- This site is optimized with the Yoast SEO plugin v27.4 - https:\/\/yoast.com\/product\/yoast-seo-wordpress\/ -->\n<title>Le foisonnement de l&#039;\u00e9olien - Journal de l&#039;\u00e9olien - Tout sur l&#039;\u00e9olien<\/title>\n<meta name=\"robots\" content=\"index, follow, max-snippet:-1, max-image-preview:large, max-video-preview:-1\" \/>\n<link rel=\"canonical\" href=\"https:\/\/www.journal-eolien.org\/tout-sur-l-eolien\/le-foisonnement-de-l-eolien\/\" \/>\n<meta property=\"og:locale\" content=\"fr_FR\" \/>\n<meta property=\"og:type\" content=\"article\" \/>\n<meta property=\"og:title\" content=\"Le foisonnement de l&#039;\u00e9olien - Journal de l&#039;\u00e9olien - Tout sur l&#039;\u00e9olien\" \/>\n<meta property=\"og:description\" content=\"technologies &amp; enjeux \/ L&rsquo;\u00e9olien et syst\u00e8me \u00e9lectrique Le foisonnement de l&rsquo;\u00e9olien L\u2019\u00e9olien, au m\u00eame titre que le photovolta\u00efque, est une \u00e9nergie variable dont la production d\u00e9pend des conditions m\u00e9t\u00e9orologiques et peut donc \u00e9voluer avec le temps. La gestion de la variabilit\u00e9 est fondamentale dans la gestion d\u2019un syst\u00e8me \u00e9lectrique qui doit assurer l\u2019\u00e9quilibre entre [&hellip;]\" \/>\n<meta property=\"og:url\" content=\"https:\/\/www.journal-eolien.org\/tout-sur-l-eolien\/le-foisonnement-de-l-eolien\/\" \/>\n<meta property=\"og:site_name\" content=\"Journal de l&#039;\u00e9olien - Tout sur l&#039;\u00e9olien\" \/>\n<meta property=\"article:modified_time\" content=\"2024-09-26T12:35:52+00:00\" \/>\n<meta property=\"og:image\" content=\"https:\/\/www.journal-eolien.org\/tout-sur-l-eolien\/wp-content\/uploads\/2017\/11\/technologies-enjeux.png\" \/>\n\t<meta property=\"og:image:width\" content=\"84\" \/>\n\t<meta property=\"og:image:height\" content=\"93\" \/>\n\t<meta property=\"og:image:type\" content=\"image\/png\" \/>\n<meta name=\"twitter:card\" content=\"summary_large_image\" \/>\n<meta name=\"twitter:label1\" content=\"Dur\u00e9e de lecture estim\u00e9e\" \/>\n\t<meta name=\"twitter:data1\" content=\"3 minutes\" \/>\n<script type=\"application\/ld+json\" class=\"yoast-schema-graph\">{\"@context\":\"https:\\\/\\\/schema.org\",\"@graph\":[{\"@type\":\"WebPage\",\"@id\":\"https:\\\/\\\/www.journal-eolien.org\\\/tout-sur-l-eolien\\\/le-foisonnement-de-l-eolien\\\/\",\"url\":\"https:\\\/\\\/www.journal-eolien.org\\\/tout-sur-l-eolien\\\/le-foisonnement-de-l-eolien\\\/\",\"name\":\"Le foisonnement de l'\u00e9olien - Journal de l&#039;\u00e9olien - Tout sur l&#039;\u00e9olien\",\"isPartOf\":{\"@id\":\"https:\\\/\\\/www.journal-eolien.org\\\/tout-sur-l-eolien\\\/#website\"},\"primaryImageOfPage\":{\"@id\":\"https:\\\/\\\/www.journal-eolien.org\\\/tout-sur-l-eolien\\\/le-foisonnement-de-l-eolien\\\/#primaryimage\"},\"image\":{\"@id\":\"https:\\\/\\\/www.journal-eolien.org\\\/tout-sur-l-eolien\\\/le-foisonnement-de-l-eolien\\\/#primaryimage\"},\"thumbnailUrl\":\"https:\\\/\\\/www.journal-eolien.org\\\/tout-sur-l-eolien\\\/wp-content\\\/uploads\\\/2017\\\/11\\\/technologies-enjeux.png\",\"datePublished\":\"2018-01-10T16:16:27+00:00\",\"dateModified\":\"2024-09-26T12:35:52+00:00\",\"breadcrumb\":{\"@id\":\"https:\\\/\\\/www.journal-eolien.org\\\/tout-sur-l-eolien\\\/le-foisonnement-de-l-eolien\\\/#breadcrumb\"},\"inLanguage\":\"fr-FR\",\"potentialAction\":[{\"@type\":\"ReadAction\",\"target\":[\"https:\\\/\\\/www.journal-eolien.org\\\/tout-sur-l-eolien\\\/le-foisonnement-de-l-eolien\\\/\"]}]},{\"@type\":\"ImageObject\",\"inLanguage\":\"fr-FR\",\"@id\":\"https:\\\/\\\/www.journal-eolien.org\\\/tout-sur-l-eolien\\\/le-foisonnement-de-l-eolien\\\/#primaryimage\",\"url\":\"https:\\\/\\\/www.journal-eolien.org\\\/tout-sur-l-eolien\\\/wp-content\\\/uploads\\\/2017\\\/11\\\/technologies-enjeux.png\",\"contentUrl\":\"https:\\\/\\\/www.journal-eolien.org\\\/tout-sur-l-eolien\\\/wp-content\\\/uploads\\\/2017\\\/11\\\/technologies-enjeux.png\",\"width\":84,\"height\":93},{\"@type\":\"BreadcrumbList\",\"@id\":\"https:\\\/\\\/www.journal-eolien.org\\\/tout-sur-l-eolien\\\/le-foisonnement-de-l-eolien\\\/#breadcrumb\",\"itemListElement\":[{\"@type\":\"ListItem\",\"position\":1,\"name\":\"Accueil\",\"item\":\"https:\\\/\\\/www.journal-eolien.org\\\/tout-sur-l-eolien\\\/\"},{\"@type\":\"ListItem\",\"position\":2,\"name\":\"Le foisonnement de l&rsquo;\u00e9olien\"}]},{\"@type\":\"WebSite\",\"@id\":\"https:\\\/\\\/www.journal-eolien.org\\\/tout-sur-l-eolien\\\/#website\",\"url\":\"https:\\\/\\\/www.journal-eolien.org\\\/tout-sur-l-eolien\\\/\",\"name\":\"Journal de l&#039;\u00e9olien - Tout sur l&#039;\u00e9olien\",\"description\":\"\",\"potentialAction\":[{\"@type\":\"SearchAction\",\"target\":{\"@type\":\"EntryPoint\",\"urlTemplate\":\"https:\\\/\\\/www.journal-eolien.org\\\/tout-sur-l-eolien\\\/?s={search_term_string}\"},\"query-input\":{\"@type\":\"PropertyValueSpecification\",\"valueRequired\":true,\"valueName\":\"search_term_string\"}}],\"inLanguage\":\"fr-FR\"}]}<\/script>\n<!-- \/ Yoast SEO plugin. -->","yoast_head_json":{"title":"Le foisonnement de l'\u00e9olien - Journal de l&#039;\u00e9olien - Tout sur l&#039;\u00e9olien","robots":{"index":"index","follow":"follow","max-snippet":"max-snippet:-1","max-image-preview":"max-image-preview:large","max-video-preview":"max-video-preview:-1"},"canonical":"https:\/\/www.journal-eolien.org\/tout-sur-l-eolien\/le-foisonnement-de-l-eolien\/","og_locale":"fr_FR","og_type":"article","og_title":"Le foisonnement de l'\u00e9olien - Journal de l&#039;\u00e9olien - Tout sur l&#039;\u00e9olien","og_description":"technologies &amp; enjeux \/ L&rsquo;\u00e9olien et syst\u00e8me \u00e9lectrique Le foisonnement de l&rsquo;\u00e9olien L\u2019\u00e9olien, au m\u00eame titre que le photovolta\u00efque, est une \u00e9nergie variable dont la production d\u00e9pend des conditions m\u00e9t\u00e9orologiques et peut donc \u00e9voluer avec le temps. La gestion de la variabilit\u00e9 est fondamentale dans la gestion d\u2019un syst\u00e8me \u00e9lectrique qui doit assurer l\u2019\u00e9quilibre entre [&hellip;]","og_url":"https:\/\/www.journal-eolien.org\/tout-sur-l-eolien\/le-foisonnement-de-l-eolien\/","og_site_name":"Journal de l&#039;\u00e9olien - Tout sur l&#039;\u00e9olien","article_modified_time":"2024-09-26T12:35:52+00:00","og_image":[{"width":84,"height":93,"url":"https:\/\/www.journal-eolien.org\/tout-sur-l-eolien\/wp-content\/uploads\/2017\/11\/technologies-enjeux.png","type":"image\/png"}],"twitter_card":"summary_large_image","twitter_misc":{"Dur\u00e9e de lecture estim\u00e9e":"3 minutes"},"schema":{"@context":"https:\/\/schema.org","@graph":[{"@type":"WebPage","@id":"https:\/\/www.journal-eolien.org\/tout-sur-l-eolien\/le-foisonnement-de-l-eolien\/","url":"https:\/\/www.journal-eolien.org\/tout-sur-l-eolien\/le-foisonnement-de-l-eolien\/","name":"Le foisonnement de l'\u00e9olien - Journal de l&#039;\u00e9olien - Tout sur l&#039;\u00e9olien","isPartOf":{"@id":"https:\/\/www.journal-eolien.org\/tout-sur-l-eolien\/#website"},"primaryImageOfPage":{"@id":"https:\/\/www.journal-eolien.org\/tout-sur-l-eolien\/le-foisonnement-de-l-eolien\/#primaryimage"},"image":{"@id":"https:\/\/www.journal-eolien.org\/tout-sur-l-eolien\/le-foisonnement-de-l-eolien\/#primaryimage"},"thumbnailUrl":"https:\/\/www.journal-eolien.org\/tout-sur-l-eolien\/wp-content\/uploads\/2017\/11\/technologies-enjeux.png","datePublished":"2018-01-10T16:16:27+00:00","dateModified":"2024-09-26T12:35:52+00:00","breadcrumb":{"@id":"https:\/\/www.journal-eolien.org\/tout-sur-l-eolien\/le-foisonnement-de-l-eolien\/#breadcrumb"},"inLanguage":"fr-FR","potentialAction":[{"@type":"ReadAction","target":["https:\/\/www.journal-eolien.org\/tout-sur-l-eolien\/le-foisonnement-de-l-eolien\/"]}]},{"@type":"ImageObject","inLanguage":"fr-FR","@id":"https:\/\/www.journal-eolien.org\/tout-sur-l-eolien\/le-foisonnement-de-l-eolien\/#primaryimage","url":"https:\/\/www.journal-eolien.org\/tout-sur-l-eolien\/wp-content\/uploads\/2017\/11\/technologies-enjeux.png","contentUrl":"https:\/\/www.journal-eolien.org\/tout-sur-l-eolien\/wp-content\/uploads\/2017\/11\/technologies-enjeux.png","width":84,"height":93},{"@type":"BreadcrumbList","@id":"https:\/\/www.journal-eolien.org\/tout-sur-l-eolien\/le-foisonnement-de-l-eolien\/#breadcrumb","itemListElement":[{"@type":"ListItem","position":1,"name":"Accueil","item":"https:\/\/www.journal-eolien.org\/tout-sur-l-eolien\/"},{"@type":"ListItem","position":2,"name":"Le foisonnement de l&rsquo;\u00e9olien"}]},{"@type":"WebSite","@id":"https:\/\/www.journal-eolien.org\/tout-sur-l-eolien\/#website","url":"https:\/\/www.journal-eolien.org\/tout-sur-l-eolien\/","name":"Journal de l&#039;\u00e9olien - Tout sur l&#039;\u00e9olien","description":"","potentialAction":[{"@type":"SearchAction","target":{"@type":"EntryPoint","urlTemplate":"https:\/\/www.journal-eolien.org\/tout-sur-l-eolien\/?s={search_term_string}"},"query-input":{"@type":"PropertyValueSpecification","valueRequired":true,"valueName":"search_term_string"}}],"inLanguage":"fr-FR"}]}},"_links":{"self":[{"href":"https:\/\/www.journal-eolien.org\/tout-sur-l-eolien\/wp-json\/wp\/v2\/pages\/1013","targetHints":{"allow":["GET"]}}],"collection":[{"href":"https:\/\/www.journal-eolien.org\/tout-sur-l-eolien\/wp-json\/wp\/v2\/pages"}],"about":[{"href":"https:\/\/www.journal-eolien.org\/tout-sur-l-eolien\/wp-json\/wp\/v2\/types\/page"}],"author":[{"embeddable":true,"href":"https:\/\/www.journal-eolien.org\/tout-sur-l-eolien\/wp-json\/wp\/v2\/users\/1"}],"replies":[{"embeddable":true,"href":"https:\/\/www.journal-eolien.org\/tout-sur-l-eolien\/wp-json\/wp\/v2\/comments?post=1013"}],"version-history":[{"count":2,"href":"https:\/\/www.journal-eolien.org\/tout-sur-l-eolien\/wp-json\/wp\/v2\/pages\/1013\/revisions"}],"predecessor-version":[{"id":3966,"href":"https:\/\/www.journal-eolien.org\/tout-sur-l-eolien\/wp-json\/wp\/v2\/pages\/1013\/revisions\/3966"}],"wp:attachment":[{"href":"https:\/\/www.journal-eolien.org\/tout-sur-l-eolien\/wp-json\/wp\/v2\/media?parent=1013"}],"curies":[{"name":"wp","href":"https:\/\/api.w.org\/{rel}","templated":true}]}}